{"id":11881,"date":"2023-02-22T10:48:09","date_gmt":"2023-02-22T09:48:09","guid":{"rendered":"https:\/\/www.pharmaforum.be\/?page_id=11881"},"modified":"2023-03-14T16:02:15","modified_gmt":"2023-03-14T15:02:15","slug":"technologie-smart-badge","status":"publish","type":"page","link":"https:\/\/www.pharmaforum.be\/fr\/technologie-smart-badge\/","title":{"rendered":"Technologie Smart Badge"},"content":{"rendered":"\t\t<div data-elementor-type=\"wp-page\" data-elementor-id=\"11881\" class=\"elementor elementor-11881\" data-elementor-post-type=\"page\">\n\t\t\t\t\t\t<section class=\"elementor-section elementor-top-section elementor-element elementor-element-5b6baa6e elementor-section-height-min-height elementor-section-boxed elementor-section-height-default elementor-section-items-middle\" data-id=\"5b6baa6e\" data-element_type=\"section\" data-settings=\"{&quot;background_background&quot;:&quot;classic&quot;}\">\n\t\t\t\t\t\t<div class=\"elementor-container elementor-column-gap-default\">\n\t\t\t\t\t<div class=\"elementor-column elementor-col-50 elementor-top-column elementor-element elementor-element-5f100a4a elementor-invisible\" data-id=\"5f100a4a\" data-element_type=\"column\" data-settings=\"{&quot;animation&quot;:&quot;zoomIn&quot;}\">\n\t\t\t<div class=\"elementor-widget-wrap elementor-element-populated\">\n\t\t\t\t\t\t<div class=\"elementor-element elementor-element-481b8359 elementor-widget elementor-widget-text-editor\" data-id=\"481b8359\" data-element_type=\"widget\" data-widget_type=\"text-editor.default\">\n\t\t\t\t<div class=\"elementor-widget-container\">\n\t\t\t\t\t\t\t\t\t<h1>Technologie Smart Badge<\/h1><h3>Recevez rapidement et facilement toutes les informations des exposants<\/h3>\t\t\t\t\t\t\t\t<\/div>\n\t\t\t\t<\/div>\n\t\t\t\t\t<\/div>\n\t\t<\/div>\n\t\t\t\t<div class=\"elementor-column elementor-col-50 elementor-top-column elementor-element elementor-element-15e7f16a\" data-id=\"15e7f16a\" data-element_type=\"column\">\n\t\t\t<div class=\"elementor-widget-wrap elementor-element-populated\">\n\t\t\t\t\t\t<div class=\"elementor-element elementor-element-7b4cf4be elementor-widget elementor-widget-image\" data-id=\"7b4cf4be\" data-element_type=\"widget\" data-widget_type=\"image.default\">\n\t\t\t\t<div class=\"elementor-widget-container\">\n\t\t\t\t\t\t\t\t\t\t\t\t\t\t\t<img fetchpriority=\"high\" decoding=\"async\" width=\"800\" height=\"366\" src=\"https:\/\/easyfairsassets.com\/sites\/34\/2021\/02\/PharmaForum-logo_RGB-1024x468.png\" class=\"attachment-large size-large wp-image-34\" alt=\"PharmaForum logo\" srcset=\"https:\/\/easyfairsassets.com\/sites\/34\/2021\/02\/PharmaForum-logo_RGB-1024x468.png 1024w, https:\/\/easyfairsassets.com\/sites\/34\/2021\/02\/PharmaForum-logo_RGB-300x137.png 300w, https:\/\/easyfairsassets.com\/sites\/34\/2021\/02\/PharmaForum-logo_RGB-768x351.png 768w, https:\/\/easyfairsassets.com\/sites\/34\/2021\/02\/PharmaForum-logo_RGB.png 1200w\" sizes=\"(max-width: 800px) 100vw, 800px\" \/>\t\t\t\t\t\t\t\t\t\t\t\t\t\t\t<\/div>\n\t\t\t\t<\/div>\n\t\t\t\t\t<\/div>\n\t\t<\/div>\n\t\t\t\t\t<\/div>\n\t\t<\/section>\n\t\t\t\t<section class=\"elementor-section elementor-top-section elementor-element elementor-element-033f112 elementor-section-boxed elementor-section-height-default elementor-section-height-default\" data-id=\"033f112\" data-element_type=\"section\">\n\t\t\t\t\t\t<div class=\"elementor-container elementor-column-gap-default\">\n\t\t\t\t\t<div class=\"elementor-column elementor-col-100 elementor-top-column elementor-element elementor-element-37b324e\" data-id=\"37b324e\" data-element_type=\"column\">\n\t\t\t<div class=\"elementor-widget-wrap elementor-element-populated\">\n\t\t\t\t\t\t<div class=\"elementor-element elementor-element-cc68409 elementor-widget elementor-widget-spacer\" data-id=\"cc68409\" data-element_type=\"widget\" data-widget_type=\"spacer.default\">\n\t\t\t\t<div class=\"elementor-widget-container\">\n\t\t\t\t\t\t\t<div class=\"elementor-spacer\">\n\t\t\t<div class=\"elementor-spacer-inner\"><\/div>\n\t\t<\/div>\n\t\t\t\t\t\t<\/div>\n\t\t\t\t<\/div>\n\t\t\t\t\t<\/div>\n\t\t<\/div>\n\t\t\t\t\t<\/div>\n\t\t<\/section>\n\t\t\t\t<section class=\"elementor-section elementor-top-section elementor-element elementor-element-696f7e1f elementor-section-boxed elementor-section-height-default elementor-section-height-default\" data-id=\"696f7e1f\" data-element_type=\"section\">\n\t\t\t\t\t\t<div class=\"elementor-container elementor-column-gap-default\">\n\t\t\t\t\t<div class=\"elementor-column elementor-col-50 elementor-top-column elementor-element elementor-element-4a8aa576\" data-id=\"4a8aa576\" data-element_type=\"column\">\n\t\t\t<div class=\"elementor-widget-wrap elementor-element-populated\">\n\t\t\t\t\t\t<div class=\"elementor-element elementor-element-148e8e8a elementor-widget elementor-widget-text-editor\" data-id=\"148e8e8a\" data-element_type=\"widget\" data-widget_type=\"text-editor.default\">\n\t\t\t\t<div class=\"elementor-widget-container\">\n\t\t\t\t\t\t\t\t\t<p><strong>Comment utiliser votre badge visiteur\u2009?<\/strong><\/p>\t\t\t\t\t\t\t\t<\/div>\n\t\t\t\t<\/div>\n\t\t\t\t<div class=\"elementor-element elementor-element-753ffe04 elementor-widget elementor-widget-text-editor\" data-id=\"753ffe04\" data-element_type=\"widget\" data-widget_type=\"text-editor.default\">\n\t\t\t\t<div class=\"elementor-widget-container\">\n\t\t\t\t\t\t\t\t\t<ol><li>Vous constaterez la pr\u00e9sence d\u2019un ou de plusieurs de ces <strong>pr\u00e9sentoirs verts sur chaque stand. <\/strong>Un exposant et ses produits vous int\u00e9ressent particuli\u00e8rement\u2009? <strong>Placez votre badge visiteur contre <\/strong>le lecteur int\u00e9gr\u00e9 au pr\u00e9sentoir. Votre badge est correctement scann\u00e9 si vous entendez un bip et si la lumi\u00e8re verte du lecteur s\u2019allume.<\/li><li><strong>Le lendemain de votre visite<\/strong>, vous recevez <strong>un email reprenant toutes les informations des exposants<\/strong> chez lesquels vous avez scann\u00e9 votre badge, ainsi que <strong>quelques recommandations d\u2019exposants<\/strong> qui pourraient \u00e9galement vous int\u00e9resser.<\/li><\/ol>\t\t\t\t\t\t\t\t<\/div>\n\t\t\t\t<\/div>\n\t\t\t\t\t<\/div>\n\t\t<\/div>\n\t\t\t\t<div class=\"elementor-column elementor-col-50 elementor-top-column elementor-element elementor-element-501ad13f\" data-id=\"501ad13f\" data-element_type=\"column\">\n\t\t\t<div class=\"elementor-widget-wrap elementor-element-populated\">\n\t\t\t\t\t\t<div class=\"elementor-element elementor-element-71aa26cf elementor-widget elementor-widget-image\" data-id=\"71aa26cf\" data-element_type=\"widget\" data-widget_type=\"image.default\">\n\t\t\t\t<div class=\"elementor-widget-container\">\n\t\t\t\t\t\t\t\t\t\t\t\t\t\t\t<img decoding=\"async\" width=\"569\" height=\"384\" src=\"https:\/\/easyfairsassets.com\/sites\/34\/2023\/02\/Smart-Badge.png\" class=\"attachment-medium_large size-medium_large wp-image-11889\" alt=\"\" srcset=\"https:\/\/easyfairsassets.com\/sites\/34\/2023\/02\/Smart-Badge.png 569w, https:\/\/easyfairsassets.com\/sites\/34\/2023\/02\/Smart-Badge-300x202.png 300w\" sizes=\"(max-width: 569px) 100vw, 569px\" \/>\t\t\t\t\t\t\t\t\t\t\t\t\t\t\t<\/div>\n\t\t\t\t<\/div>\n\t\t\t\t\t<\/div>\n\t\t<\/div>\n\t\t\t\t\t<\/div>\n\t\t<\/section>\n\t\t\t\t<section class=\"elementor-section elementor-top-section elementor-element elementor-element-321f63c elementor-section-boxed elementor-section-height-default elementor-section-height-default\" data-id=\"321f63c\" data-element_type=\"section\">\n\t\t\t\t\t\t<div class=\"elementor-container elementor-column-gap-default\">\n\t\t\t\t\t<div class=\"elementor-column elementor-col-100 elementor-top-column elementor-element elementor-element-72cfc5c\" data-id=\"72cfc5c\" data-element_type=\"column\">\n\t\t\t<div class=\"elementor-widget-wrap elementor-element-populated\">\n\t\t\t\t\t\t<div class=\"elementor-element elementor-element-4e155ef elementor-widget elementor-widget-spacer\" data-id=\"4e155ef\" data-element_type=\"widget\" data-widget_type=\"spacer.default\">\n\t\t\t\t<div class=\"elementor-widget-container\">\n\t\t\t\t\t\t\t<div class=\"elementor-spacer\">\n\t\t\t<div class=\"elementor-spacer-inner\"><\/div>\n\t\t<\/div>\n\t\t\t\t\t\t<\/div>\n\t\t\t\t<\/div>\n\t\t\t\t\t<\/div>\n\t\t<\/div>\n\t\t\t\t\t<\/div>\n\t\t<\/section>\n\t\t\t\t<section class=\"elementor-section elementor-top-section elementor-element elementor-element-7a7ce182 elementor-section-boxed elementor-section-height-default elementor-section-height-default\" data-id=\"7a7ce182\" data-element_type=\"section\">\n\t\t\t\t\t\t<div class=\"elementor-container elementor-column-gap-default\">\n\t\t\t\t\t<div class=\"elementor-column elementor-col-100 elementor-top-column elementor-element elementor-element-1a8d8755\" data-id=\"1a8d8755\" data-element_type=\"column\">\n\t\t\t<div class=\"elementor-widget-wrap elementor-element-populated\">\n\t\t\t\t\t\t<div class=\"elementor-element elementor-element-2bf00c99 elementor-widget elementor-widget-text-editor\" data-id=\"2bf00c99\" data-element_type=\"widget\" data-widget_type=\"text-editor.default\">\n\t\t\t\t<div class=\"elementor-widget-container\">\n\t\t\t\t\t\t\t\t\t<p><strong>Vos avantages\u00a0<\/strong><\/p>\t\t\t\t\t\t\t\t<\/div>\n\t\t\t\t<\/div>\n\t\t\t\t<div class=\"elementor-element elementor-element-6c469f99 elementor-widget elementor-widget-text-editor\" data-id=\"6c469f99\" data-element_type=\"widget\" data-widget_type=\"text-editor.default\">\n\t\t\t\t<div class=\"elementor-widget-container\">\n\t\t\t\t\t\t\t\t\t<ol><li>Votre badge visiteur vous sert de de porte-documents virtuel durant le salon. Plus besoin de transporter des catalogues lourds et encombrants, ni de prendre des notes\u2009<\/li><li>Vous savez ainsi quels stands vous avez d\u00e9j\u00e0 visit\u00e9s. Pratique\u00a0: vous recevez un email avec un aper\u00e7u complet de votre visite.<\/li><li>Pas de spam. Vous ne recevez, sous forme num\u00e9rique, que les informations des exposants pour lesquels vous avez marqu\u00e9 un int\u00e9r\u00eat.<\/li><\/ol><p>\u00a0<\/p><p><strong>D\u00e9couvrez ci-dessous une courte vid\u00e9o de pr\u00e9sentation.<\/strong><\/p>\t\t\t\t\t\t\t\t<\/div>\n\t\t\t\t<\/div>\n\t\t\t\t<div class=\"elementor-element elementor-element-2eca8c63 elementor-widget elementor-widget-video\" data-id=\"2eca8c63\" data-element_type=\"widget\" data-settings=\"{&quot;youtube_url&quot;:&quot;https:\\\/\\\/www.youtube.com\\\/watch?v=FjBJQH2JD-U&quot;,&quot;video_type&quot;:&quot;youtube&quot;,&quot;controls&quot;:&quot;yes&quot;}\" data-widget_type=\"video.default\">\n\t\t\t\t<div class=\"elementor-widget-container\">\n\t\t\t\t\t\t\t<div class=\"elementor-wrapper elementor-open-inline\">\n\t\t\t<div class=\"elementor-video\"><\/div>\t\t<\/div>\n\t\t\t\t\t\t<\/div>\n\t\t\t\t<\/div>\n\t\t\t\t\t<\/div>\n\t\t<\/div>\n\t\t\t\t\t<\/div>\n\t\t<\/section>\n\t\t\t\t<\/div>\n\t\t","protected":false},"excerpt":{"rendered":"<p>Technologie Smart Badge Recevez rapidement et facilement toutes les informations des exposants Comment utiliser votre badge visiteur\u2009? Vous constaterez la pr\u00e9sence d\u2019un ou de plusieurs de ces pr\u00e9sentoirs verts sur chaque stand. Un exposant et ses produits vous int\u00e9ressent particuli\u00e8rement\u2009? Placez votre badge visiteur contre le lecteur int\u00e9gr\u00e9 au pr\u00e9sentoir. Votre badge est correctement scann\u00e9 [&hellip;]<\/p>\n","protected":false},"author":66,"featured_media":0,"parent":0,"menu_order":0,"comment_status":"closed","ping_status":"closed","template":"","meta":{"_seopress_robots_primary_cat":"","_seopress_titles_title":"Technologie Smart Badge - Pharma forum","_seopress_titles_desc":"Recevez rapidement et facilement toutes les informations des exposants qui vous int\u00e9ressent gr\u00e2ce \u00e0 notre technologie Smart Badge.","_seopress_robots_index":"","footnotes":""},"class_list":["post-11881","page","type-page","status-publish","hentry"],"_links":{"self":[{"href":"https:\/\/www.pharmaforum.be\/fr\/wp-json\/wp\/v2\/pages\/11881","targetHints":{"allow":["GET"]}}],"collection":[{"href":"https:\/\/www.pharmaforum.be\/fr\/wp-json\/wp\/v2\/pages"}],"about":[{"href":"https:\/\/www.pharmaforum.be\/fr\/wp-json\/wp\/v2\/types\/page"}],"author":[{"embeddable":true,"href":"https:\/\/www.pharmaforum.be\/fr\/wp-json\/wp\/v2\/users\/66"}],"replies":[{"embeddable":true,"href":"https:\/\/www.pharmaforum.be\/fr\/wp-json\/wp\/v2\/comments?post=11881"}],"version-history":[{"count":5,"href":"https:\/\/www.pharmaforum.be\/fr\/wp-json\/wp\/v2\/pages\/11881\/revisions"}],"predecessor-version":[{"id":14733,"href":"https:\/\/www.pharmaforum.be\/fr\/wp-json\/wp\/v2\/pages\/11881\/revisions\/14733"}],"wp:attachment":[{"href":"https:\/\/www.pharmaforum.be\/fr\/wp-json\/wp\/v2\/media?parent=11881"}],"curies":[{"name":"wp","href":"https:\/\/api.w.org\/{rel}","templated":true}]}}