{"id":21109,"date":"2023-09-05T15:47:01","date_gmt":"2023-09-05T13:47:01","guid":{"rendered":"https:\/\/www.pharmaforum.be\/?page_id=21109"},"modified":"2023-09-05T16:16:07","modified_gmt":"2023-09-05T14:16:07","slug":"job-wall","status":"publish","type":"page","link":"https:\/\/www.pharmaforum.be\/fr\/job-wall\/","title":{"rendered":"Job Wall"},"content":{"rendered":"\t\t<div data-elementor-type=\"wp-page\" data-elementor-id=\"21109\" class=\"elementor elementor-21109\" data-elementor-post-type=\"page\">\n\t\t\t\t\t\t<section class=\"elementor-section elementor-top-section elementor-element elementor-element-5b6538d elementor-section-boxed elementor-section-height-default elementor-section-height-default\" data-id=\"5b6538d\" data-element_type=\"section\">\n\t\t\t\t\t\t<div class=\"elementor-container elementor-column-gap-default\">\n\t\t\t\t\t<div class=\"elementor-column elementor-col-100 elementor-top-column elementor-element elementor-element-4f725bd\" data-id=\"4f725bd\" data-element_type=\"column\">\n\t\t\t<div class=\"elementor-widget-wrap elementor-element-populated\">\n\t\t\t\t\t\t<div class=\"elementor-element elementor-element-ce4dbcd elementor-widget elementor-widget-spacer\" data-id=\"ce4dbcd\" data-element_type=\"widget\" data-widget_type=\"spacer.default\">\n\t\t\t\t<div class=\"elementor-widget-container\">\n\t\t\t\t\t\t\t<div class=\"elementor-spacer\">\n\t\t\t<div class=\"elementor-spacer-inner\"><\/div>\n\t\t<\/div>\n\t\t\t\t\t\t<\/div>\n\t\t\t\t<\/div>\n\t\t\t\t\t<\/div>\n\t\t<\/div>\n\t\t\t\t\t<\/div>\n\t\t<\/section>\n\t\t\t\t<section class=\"elementor-section elementor-top-section elementor-element elementor-element-2b31ae42 elementor-section-boxed elementor-section-height-default elementor-section-height-default\" data-id=\"2b31ae42\" data-element_type=\"section\">\n\t\t\t\t\t\t<div class=\"elementor-container elementor-column-gap-default\">\n\t\t\t\t\t<div class=\"elementor-column elementor-col-100 elementor-top-column elementor-element elementor-element-2433e0ee\" data-id=\"2433e0ee\" data-element_type=\"column\">\n\t\t\t<div class=\"elementor-widget-wrap elementor-element-populated\">\n\t\t\t\t\t\t<div class=\"elementor-element elementor-element-b47b310 elementor-widget elementor-widget-text-editor\" data-id=\"b47b310\" data-element_type=\"widget\" data-widget_type=\"text-editor.default\">\n\t\t\t\t<div class=\"elementor-widget-container\">\n\t\t\t\t\t\t\t\t\t<h1>NOUVEAU EN 2023<\/h1>\t\t\t\t\t\t\t\t<\/div>\n\t\t\t\t<\/div>\n\t\t\t\t\t<\/div>\n\t\t<\/div>\n\t\t\t\t\t<\/div>\n\t\t<\/section>\n\t\t\t\t<section class=\"elementor-section elementor-top-section elementor-element elementor-element-d9f9689 elementor-section-boxed elementor-section-height-default elementor-section-height-default\" data-id=\"d9f9689\" data-element_type=\"section\">\n\t\t\t\t\t\t<div class=\"elementor-container elementor-column-gap-default\">\n\t\t\t\t\t<div class=\"elementor-column elementor-col-100 elementor-top-column elementor-element elementor-element-2caad14\" data-id=\"2caad14\" data-element_type=\"column\">\n\t\t\t<div class=\"elementor-widget-wrap elementor-element-populated\">\n\t\t\t\t\t\t<div class=\"elementor-element elementor-element-6a5cc81 elementor-widget elementor-widget-image\" data-id=\"6a5cc81\" data-element_type=\"widget\" data-widget_type=\"image.default\">\n\t\t\t\t<div class=\"elementor-widget-container\">\n\t\t\t\t\t\t\t\t\t\t\t\t\t\t\t<img fetchpriority=\"high\" decoding=\"async\" width=\"768\" height=\"768\" src=\"https:\/\/easyfairsassets.com\/sites\/34\/2023\/09\/BANNER_PF23_JOBWALL_1080x1080_02-768x768.png\" class=\"attachment-medium_large size-medium_large wp-image-21111\" alt=\"\" srcset=\"https:\/\/easyfairsassets.com\/sites\/34\/2023\/09\/BANNER_PF23_JOBWALL_1080x1080_02-768x768.png 768w, https:\/\/easyfairsassets.com\/sites\/34\/2023\/09\/BANNER_PF23_JOBWALL_1080x1080_02-300x300.png 300w, https:\/\/easyfairsassets.com\/sites\/34\/2023\/09\/BANNER_PF23_JOBWALL_1080x1080_02-1024x1024.png 1024w, https:\/\/easyfairsassets.com\/sites\/34\/2023\/09\/BANNER_PF23_JOBWALL_1080x1080_02-150x150.png 150w, https:\/\/easyfairsassets.com\/sites\/34\/2023\/09\/elementor\/thumbs\/BANNER_PF23_JOBWALL_1080x1080_02-qbytm1pytgivkrlnujv0a45xenoku8qgmdvhkmmmxs.png 400w, https:\/\/easyfairsassets.com\/sites\/34\/2023\/09\/BANNER_PF23_JOBWALL_1080x1080_02.png 1080w\" sizes=\"(max-width: 768px) 100vw, 768px\" \/>\t\t\t\t\t\t\t\t\t\t\t\t\t\t\t<\/div>\n\t\t\t\t<\/div>\n\t\t\t\t\t<\/div>\n\t\t<\/div>\n\t\t\t\t\t<\/div>\n\t\t<\/section>\n\t\t\t\t<section class=\"elementor-section elementor-top-section elementor-element elementor-element-3bfd90e elementor-section-boxed elementor-section-height-default elementor-section-height-default\" data-id=\"3bfd90e\" data-element_type=\"section\">\n\t\t\t\t\t\t<div class=\"elementor-container elementor-column-gap-default\">\n\t\t\t\t\t<div class=\"elementor-column elementor-col-100 elementor-top-column elementor-element elementor-element-7a2fde49\" data-id=\"7a2fde49\" data-element_type=\"column\">\n\t\t\t<div class=\"elementor-widget-wrap elementor-element-populated\">\n\t\t\t\t\t\t<div class=\"elementor-element elementor-element-73e5212 elementor-widget elementor-widget-text-editor\" data-id=\"73e5212\" data-element_type=\"widget\" data-widget_type=\"text-editor.default\">\n\t\t\t\t<div class=\"elementor-widget-container\">\n\t\t\t\t\t\t\t\t\t<h3>Vous recrutez\u00a0un pharmacien(ne) et\/ou un(e) assistant(e) ?<\/h3><h3>Vous \u00eates \u00e0 la recherche d\u2019un emploi en officine ?<\/h3><h3>Gr\u00e2ce \u00e0 RH Pharma, venez recruter votre futur collaborateur ou d\u00e9crocher le job\u00a0de vos r\u00eaves !<\/h3>\t\t\t\t\t\t\t\t<\/div>\n\t\t\t\t<\/div>\n\t\t\t\t<section class=\"elementor-section elementor-inner-section elementor-element elementor-element-bf20ad3 elementor-section-boxed elementor-section-height-default elementor-section-height-default\" data-id=\"bf20ad3\" data-element_type=\"section\">\n\t\t\t\t\t\t<div class=\"elementor-container elementor-column-gap-default\">\n\t\t\t\t\t<div class=\"elementor-column elementor-col-50 elementor-inner-column elementor-element elementor-element-68f03c0\" data-id=\"68f03c0\" data-element_type=\"column\">\n\t\t\t<div class=\"elementor-widget-wrap elementor-element-populated\">\n\t\t\t\t\t\t<div class=\"elementor-element elementor-element-1aea329 elementor-widget elementor-widget-text-editor\" data-id=\"1aea329\" data-element_type=\"widget\" data-widget_type=\"text-editor.default\">\n\t\t\t\t<div class=\"elementor-widget-container\">\n\t\t\t\t\t\t\t\t\t<h2>O\u00f9?<\/h2><h6><strong>Rendez-vous au Job Wall<\/strong> <strong>(stand nr.1412)<\/strong> durant les 2 jours du salon Pharma Forum. Le Job Wall est <strong>un espace o\u00f9 les offres d\u2019emploi et les candidatures seront d\u00e9voil\u00e9es<\/strong>.<\/h6>\t\t\t\t\t\t\t\t<\/div>\n\t\t\t\t<\/div>\n\t\t\t\t\t<\/div>\n\t\t<\/div>\n\t\t\t\t<div class=\"elementor-column elementor-col-50 elementor-inner-column elementor-element elementor-element-8b6a51b\" data-id=\"8b6a51b\" data-element_type=\"column\">\n\t\t\t<div class=\"elementor-widget-wrap elementor-element-populated\">\n\t\t\t\t\t\t<div class=\"elementor-element elementor-element-e5e108f elementor-widget elementor-widget-text-editor\" data-id=\"e5e108f\" data-element_type=\"widget\" data-widget_type=\"text-editor.default\">\n\t\t\t\t<div class=\"elementor-widget-container\">\n\t\t\t\t\t\t\t\t\t<h2>Comment?<\/h2><h6>1\/ Avant le salon\u00a0:<strong> inscrivez-vous sur<\/strong> <a href=\"https:\/\/eur02.safelinks.protection.outlook.com\/?url=http%3A%2F%2Fmy.rhpharma.be%2F&amp;data=05%7C01%7CFloriane.DeGhellinck%40easyfairs.com%7Ca5db77b5524b456722fc08dbaa0c2b48%7Cad58c17f1c944fb0bb6a606501347f25%7C1%7C0%7C638290741476949622%7CUnknown%7CTWFpbGZsb3d8eyJWIjoiMC4wLjAwMDAiLCJQIjoiV2luMzIiLCJBTiI6Ik1haWwiLCJXVCI6Mn0%3D%7C3000%7C%7C%7C&amp;sdata=T%2ByHmTej2lsMfrBabUONhB6vJ2v9x6Ju6ZQIv%2Fa24oU%3D&amp;reserved=0\">http:\/\/my.rhpharma.be<\/a><\/h6><h6>Si vous souhaitez que nous publions votre annonce sur le Job Wall durant le salon, il suffit de le pr\u00e9ciser \u00e0 la fin de ce formulaire.<\/h6><h6>2\/ Pendant le salon\u00a0: les offres et les profils disponibles sont<strong> affich\u00e9s sur le Job Wall (stand nr. 1412)<\/strong> \u2013 Int\u00e9ress\u00e9(e) par une des candidature ou un poste vacant\u00a0? Rendez-vous sur le stand de RH Pharma (N\u00b0 de stand\u00a01312) pour <strong>entrer en contact votre potentiel futur employeur et\/ou collaborateur..<\/strong><\/h6>\t\t\t\t\t\t\t\t<\/div>\n\t\t\t\t<\/div>\n\t\t\t\t\t<\/div>\n\t\t<\/div>\n\t\t\t\t\t<\/div>\n\t\t<\/section>\n\t\t\t\t\t<\/div>\n\t\t<\/div>\n\t\t\t\t\t<\/div>\n\t\t<\/section>\n\t\t\t\t<\/div>\n\t\t","protected":false},"excerpt":{"rendered":"<p class=\"MsoNormal\"><b>Trouvez la perle ou le travail id\u00e9al \u00e0 Pharma forum\u00a0!!<\/b><\/p>\n<p class=\"MsoNormal\">Vous recrutez\u00a0un pharmacien(ne) et\/ou un(e) assistant(e) ?<\/p>\n<p class=\"MsoNormal\">Vous \u00eates \u00e0 la recherche d\u2019un emploi en officine ?<\/p>\n<p class=\"MsoNormal\">Gr\u00e2ce \u00e0 RH Pharma, venez recruter votre futur collaborateur ou d\u00e9crocher le job\u00a0de vos r\u00eaves !<\/p>\n","protected":false},"author":66,"featured_media":0,"parent":0,"menu_order":0,"comment_status":"closed","ping_status":"closed","template":"","meta":{"_seopress_robots_primary_cat":"","_seopress_titles_title":"Pharma forum, le salon des pharmaciens - 23 et 24 septembre 2023","_seopress_titles_desc":"Pharma Forum est le tout nouveau rendez-vous francophone incontournable pour les g\u00e9rants d\u2019officines, pharmaciens, assistants en pharmacie. Deux jours de formation, de d\u00e9couverte et de networking les 24 et 25 septembre 2022.","_seopress_robots_index":"","footnotes":""},"class_list":["post-21109","page","type-page","status-publish","hentry"],"_links":{"self":[{"href":"https:\/\/www.pharmaforum.be\/fr\/wp-json\/wp\/v2\/pages\/21109","targetHints":{"allow":["GET"]}}],"collection":[{"href":"https:\/\/www.pharmaforum.be\/fr\/wp-json\/wp\/v2\/pages"}],"about":[{"href":"https:\/\/www.pharmaforum.be\/fr\/wp-json\/wp\/v2\/types\/page"}],"author":[{"embeddable":true,"href":"https:\/\/www.pharmaforum.be\/fr\/wp-json\/wp\/v2\/users\/66"}],"replies":[{"embeddable":true,"href":"https:\/\/www.pharmaforum.be\/fr\/wp-json\/wp\/v2\/comments?post=21109"}],"version-history":[{"count":5,"href":"https:\/\/www.pharmaforum.be\/fr\/wp-json\/wp\/v2\/pages\/21109\/revisions"}],"predecessor-version":[{"id":21176,"href":"https:\/\/www.pharmaforum.be\/fr\/wp-json\/wp\/v2\/pages\/21109\/revisions\/21176"}],"wp:attachment":[{"href":"https:\/\/www.pharmaforum.be\/fr\/wp-json\/wp\/v2\/media?parent=21109"}],"curies":[{"name":"wp","href":"https:\/\/api.w.org\/{rel}","templated":true}]}}